{"id":27,"date":"2025-01-16T11:22:22","date_gmt":"2025-01-16T10:22:22","guid":{"rendered":"https:\/\/schmerbacher-blasmusik.de\/?page_id=27"},"modified":"2026-04-11T19:44:51","modified_gmt":"2026-04-11T17:44:51","slug":"kontakt","status":"publish","type":"page","link":"https:\/\/schmerbacher-blasmusik.de\/?page_id=27","title":{"rendered":"kontakt"},"content":{"rendered":"\n<h2 class=\"wp-block-heading\"><strong>Kontakt<\/strong>:<\/h2>\n\n\n\n<iframe src=\"https:\/\/www.google.com\/maps\/embed?pb=!1m18!1m12!1m3!1d2204.9858955256627!2d10.446247475982178!3d50.90078485483769!2m3!1f0!2f0!3f0!3m2!1i1024!2i768!4f13.1!3m3!1m2!1s0x47a4823d690fb675%3A0xb28cbe55cd8eb0eb!2sAm%20Erlich%207B%2C%2099891%20Waltershausen!5e1!3m2!1sde!2sde!4v1775928927749!5m2!1sde!2sde\" width=\"600\" height=\"450\" style=\"border:0;\" allowfullscreen=\"\" loading=\"lazy\" referrerpolicy=\"no-referrer-when-downgrade\"><\/iframe>\n\n\n\n<div style=\"height:21px\" aria-hidden=\"true\" class=\"wp-block-spacer\"><\/div>\n\n\n\n<h3 class=\"wp-block-heading\">Hier findest du uns w\u00e4hrend unserer Probenzeit immer&#8230; <\/h3>\n\n\n\n<div style=\"height:9px\" aria-hidden=\"true\" class=\"wp-block-spacer\"><\/div>\n\n\n\n<h2 class=\"wp-block-heading has-text-align-center\">&#8211; montags, zwischen 19:30 Uhr und 21:00 Uhr &#8211;<\/h2>\n\n\n\n<div style=\"height:38px\" aria-hidden=\"true\" class=\"wp-block-spacer\"><\/div>\n\n\n\n<hr class=\"wp-block-separator has-alpha-channel-opacity\"\/>\n\n\n\n<div style=\"height:26px\" aria-hidden=\"true\" class=\"wp-block-spacer\"><\/div>\n\n\n\n<h3 class=\"wp-block-heading has-text-align-center\">Wenn du uns au\u00dferhalb dieser Zeiten kontaktieren m\u00f6chtest, dann schreibe uns einfach eine kurze E-Mail und wir melden uns umgehend bei dir&#8230;<\/h3>\n\n\n\n<div style=\"height:29px\" aria-hidden=\"true\" class=\"wp-block-spacer\"><\/div>\n\n\n<div class=\"wp-block-image\">\n<figure class=\"aligncenter size-full is-resized\"><img loading=\"lazy\" decoding=\"async\" width=\"174\" height=\"280\" src=\"http:\/\/schmerbacher-blasmusik.de\/wp-content\/uploads\/2025\/01\/Finger_zeigt_nach_unten-1.png\" alt=\"\" class=\"wp-image-68\" style=\"width:70px\"\/><\/figure>\n<\/div>","protected":false},"excerpt":{"rendered":"<p>Kontakt: Hier findest du uns w\u00e4hrend unserer Probenzeit immer&#8230; &#8211; montags, zwischen 19:30 Uhr und 21:00 Uhr &#8211; Wenn du uns au\u00dferhalb dieser Zeiten kontaktieren m\u00f6chtest, dann schreibe uns einfach &#8230;<\/p>\n","protected":false},"author":1,"featured_media":0,"parent":0,"menu_order":0,"comment_status":"closed","ping_status":"closed","template":"","meta":{"footnotes":""},"class_list":["post-27","page","type-page","status-publish","hentry"],"_links":{"self":[{"href":"https:\/\/schmerbacher-blasmusik.de\/index.php?rest_route=\/wp\/v2\/pages\/27","targetHints":{"allow":["GET"]}}],"collection":[{"href":"https:\/\/schmerbacher-blasmusik.de\/index.php?rest_route=\/wp\/v2\/pages"}],"about":[{"href":"https:\/\/schmerbacher-blasmusik.de\/index.php?rest_route=\/wp\/v2\/types\/page"}],"author":[{"embeddable":true,"href":"https:\/\/schmerbacher-blasmusik.de\/index.php?rest_route=\/wp\/v2\/users\/1"}],"replies":[{"embeddable":true,"href":"https:\/\/schmerbacher-blasmusik.de\/index.php?rest_route=%2Fwp%2Fv2%2Fcomments&post=27"}],"version-history":[{"count":10,"href":"https:\/\/schmerbacher-blasmusik.de\/index.php?rest_route=\/wp\/v2\/pages\/27\/revisions"}],"predecessor-version":[{"id":181,"href":"https:\/\/schmerbacher-blasmusik.de\/index.php?rest_route=\/wp\/v2\/pages\/27\/revisions\/181"}],"wp:attachment":[{"href":"https:\/\/schmerbacher-blasmusik.de\/index.php?rest_route=%2Fwp%2Fv2%2Fmedia&parent=27"}],"curies":[{"name":"wp","href":"https:\/\/api.w.org\/{rel}","templated":true}]}}