{"id":25,"date":"2025-01-16T11:23:31","date_gmt":"2025-01-16T10:23:31","guid":{"rendered":"https:\/\/schmerbacher-blasmusik.de\/?page_id=25"},"modified":"2025-04-19T09:56:51","modified_gmt":"2025-04-19T07:56:51","slug":"ueberuns","status":"publish","type":"page","link":"https:\/\/schmerbacher-blasmusik.de\/?page_id=25","title":{"rendered":"ueberuns"},"content":{"rendered":"\n<h2 class=\"wp-block-heading\"><strong>Wir \u00fcber uns&#8230;<\/strong><\/h2>\n\n\n\n<div style=\"height:13px\" aria-hidden=\"true\" class=\"wp-block-spacer\"><\/div>\n\n\n\n<hr class=\"wp-block-separator has-alpha-channel-opacity\"\/>\n\n\n<div class=\"wp-block-image is-style-rounded\">\n<figure class=\"aligncenter size-full is-resized\"><img loading=\"lazy\" decoding=\"async\" width=\"772\" height=\"468\" src=\"https:\/\/schmerbacher-blasmusik.de\/wp-content\/uploads\/2025\/01\/Schmerbach_mit_Inselsberg.png\" alt=\"\" class=\"wp-image-51\" style=\"aspect-ratio:16\/9;object-fit:cover;width:300px\" srcset=\"https:\/\/schmerbacher-blasmusik.de\/wp-content\/uploads\/2025\/01\/Schmerbach_mit_Inselsberg.png 772w, https:\/\/schmerbacher-blasmusik.de\/wp-content\/uploads\/2025\/01\/Schmerbach_mit_Inselsberg-300x182.png 300w, https:\/\/schmerbacher-blasmusik.de\/wp-content\/uploads\/2025\/01\/Schmerbach_mit_Inselsberg-768x466.png 768w\" sizes=\"auto, (max-width: 772px) 100vw, 772px\" \/><\/figure>\n<\/div>\n\n\n<hr class=\"wp-block-separator has-alpha-channel-opacity\"\/>\n\n\n\n<p class=\"has-black-color has-text-color has-link-color has-medium-font-size wp-elements-ad6247822b1f7fbc49ec99a2a2c9d21c\">Am Fu\u00dfe des Gro\u00dfen Inselsbergs, mitten im Th\u00fcringer Wald, sind wir <strong><em>Schmerbacher Blasmusikanten<\/em><\/strong> zu Hause. Seit dem Jahr 1965 musizieren wir nun ohne Unterbrechung, was uns bereits einiges an Erfahrung und vor allem an gro\u00dfartigen Erlebnissen beschert hat.<\/p>\n\n\n\n<p class=\"has-black-color has-text-color has-link-color has-medium-font-size wp-elements-79b91d04fa697755021729db82369f41\">Auf unseren Instrumenten, den Fl\u00fcgelh\u00f6rnern, Trompeten, Klarinetten, Tenor- und Waldh\u00f6rnern, sowie Baritonen, Posaunen, Tuben und dem Schlagzeug, spielen wir von einem breiten Spektrum an altehrw\u00fcrdigen b\u00f6hmisch-m\u00e4hrischen Polkas, M\u00e4rschen und Walzern, \u00fcber bunte Potpourries, volkst\u00fcmliche, konzertante St\u00fccke, bis hin zu den modernen Werken der aktuellen Blasmusik-Szene, nahezu alles, was das Herz eines Blasmusik-Fans begehrt.<\/p>\n\n\n\n<div style=\"height:8px\" aria-hidden=\"true\" class=\"wp-block-spacer\"><\/div>\n\n\n\n<hr class=\"wp-block-separator has-alpha-channel-opacity\"\/>\n\n\n\n<div style=\"height:6px\" aria-hidden=\"true\" class=\"wp-block-spacer\"><\/div>\n\n\n<div class=\"wp-block-image is-style-rounded\">\n<figure class=\"alignright size-large is-resized\"><img loading=\"lazy\" decoding=\"async\" width=\"1024\" height=\"836\" src=\"https:\/\/schmerbacher-blasmusik.de\/wp-content\/uploads\/2025\/01\/Anhaenger_Schmerbacher_Blasmusik-1024x836.jpg\" alt=\"\" class=\"wp-image-53\" style=\"aspect-ratio:16\/9;object-fit:cover;width:250px\" srcset=\"https:\/\/schmerbacher-blasmusik.de\/wp-content\/uploads\/2025\/01\/Anhaenger_Schmerbacher_Blasmusik-1024x836.jpg 1024w, https:\/\/schmerbacher-blasmusik.de\/wp-content\/uploads\/2025\/01\/Anhaenger_Schmerbacher_Blasmusik-300x245.jpg 300w, https:\/\/schmerbacher-blasmusik.de\/wp-content\/uploads\/2025\/01\/Anhaenger_Schmerbacher_Blasmusik-768x627.jpg 768w, https:\/\/schmerbacher-blasmusik.de\/wp-content\/uploads\/2025\/01\/Anhaenger_Schmerbacher_Blasmusik.jpg 1125w\" sizes=\"auto, (max-width: 1024px) 100vw, 1024px\" \/><\/figure>\n<\/div>\n\n\n<p class=\"has-black-color has-text-color has-link-color has-medium-font-size wp-elements-a4377ca7d2d82e85f925b47f1e22a6da\">Mit einer Besetzung von etwa 15 bis 20 Musikern sind wir im Laufe eines Musik-jahres sehr viel unterwegs. Dabei trifft man uns, mal mit technischer Unterst\u00fctzung durch unsere Musikanlage, aber auch komplett \u201eunplugged\u201c, vor allem bei&#8230;<\/p>\n\n\n\n<ul class=\"wp-block-list has-black-color has-text-color has-link-color has-medium-font-size wp-elements-cc37f02510dd740a775948e428ab2f4f\">\n<li class=\"has-black-color has-text-color has-link-color wp-elements-ccb0eb511b339958d60ec44d9825fa2b\" style=\"font-style:normal;font-weight:700\">Stadt-\/Dorffesten,<\/li>\n\n\n\n<li class=\"has-link-color wp-elements-34cc5e0e01f76ce5dceac24b729c46d2\" style=\"font-style:normal;font-weight:700\">(Kur-)Konzerten,<\/li>\n\n\n\n<li class=\"has-black-color has-text-color has-link-color wp-elements-1bd93355d601661e04b522494623cec4\" style=\"font-style:normal;font-weight:700\">Kirmesveranstaltungen,<\/li>\n\n\n\n<li class=\"has-link-color wp-elements-de955e89c0d20d8c1fb8799471da8176\" style=\"font-style:normal;font-weight:700\">Oktoberfesten,<\/li>\n\n\n\n<li class=\"has-link-color wp-elements-f3acb14d1d039b34f67f1f426408d36d\" style=\"font-style:normal;font-weight:700\">Familienfeiern,<\/li>\n\n\n\n<li class=\"has-link-color wp-elements-e10cb6a2cb3a9c291c6d1c9ecc08ffa5\" style=\"font-style:normal;font-weight:700\">Weihnachtsm\u00e4rkten<\/li>\n<\/ul>\n\n\n\n<p class=\"has-black-color has-text-color has-link-color has-medium-font-size wp-elements-4d5e7a96b6d067d8fe1a23162185ad80\">und vielem mehr. &nbsp;&nbsp;&nbsp;<\/p>\n\n\n\n<div style=\"height:30px\" aria-hidden=\"true\" class=\"wp-block-spacer\"><\/div>\n\n\n\n<hr class=\"wp-block-separator has-alpha-channel-opacity\"\/>\n\n\n\n<div style=\"height:29px\" aria-hidden=\"true\" class=\"wp-block-spacer\"><\/div>\n\n\n\n<p class=\"has-black-color has-text-color has-link-color has-medium-font-size wp-elements-483a525b5bbfdfdb759e175d0ec6a3ab\">Unsere Nachwuchsausbildung \u00fcbernehmen wir zum Teil selbst, freuen uns jedoch auch \u00fcber jeden interessierten Musiker, der schon ein Instrument gelernt hat und das Gelernte zusammen mit uns anwenden und weiter ausbauen m\u00f6chte!<\/p>\n\n\n\n<div style=\"height:59px\" aria-hidden=\"true\" class=\"wp-block-spacer\"><\/div>\n\n\n\n<h2 class=\"wp-block-heading has-text-align-center\"><strong>Du willst uns einmal live h\u00f6ren, uns engagieren oder vielleicht sogar selbst mit musizieren?<\/strong><\/h2>\n\n\n\n<div style=\"height:21px\" aria-hidden=\"true\" class=\"wp-block-spacer\"><\/div>\n\n\n\n<h2 class=\"wp-block-heading has-text-align-center\"><strong>Kein Problem!<\/strong><\/h2>\n\n\n\n<div style=\"height:15px\" aria-hidden=\"true\" class=\"wp-block-spacer\"><\/div>\n\n\n\n<h3 class=\"wp-block-heading has-text-align-center\">Schreibe uns ganz unverbindlich eine kurze Nachricht, wir melden uns dann umgehend bei dir:<\/h3>\n\n\n\n<div style=\"height:25px\" aria-hidden=\"true\" class=\"wp-block-spacer\"><\/div>\n\n\n<div class=\"wp-block-image\">\n<figure class=\"aligncenter size-full is-resized\"><img loading=\"lazy\" decoding=\"async\" width=\"174\" height=\"280\" src=\"https:\/\/schmerbacher-blasmusik.de\/wp-content\/uploads\/2025\/01\/Finger_zeigt_nach_unten-1.png\" alt=\"\" class=\"wp-image-68\" style=\"width:70px\"\/><\/figure>\n<\/div>\n\n\n<p><\/p>\n","protected":false},"excerpt":{"rendered":"<p>Wir \u00fcber uns&#8230; Am Fu\u00dfe des Gro\u00dfen Inselsbergs, mitten im Th\u00fcringer Wald, sind wir Schmerbacher Blasmusikanten zu Hause. Seit dem Jahr 1965 musizieren wir nun ohne Unterbrechung, was uns bereits &#8230;<\/p>\n","protected":false},"author":1,"featured_media":0,"parent":0,"menu_order":0,"comment_status":"closed","ping_status":"closed","template":"","meta":{"footnotes":""},"class_list":["post-25","page","type-page","status-publish","hentry"],"_links":{"self":[{"href":"https:\/\/schmerbacher-blasmusik.de\/index.php?rest_route=\/wp\/v2\/pages\/25","targetHints":{"allow":["GET"]}}],"collection":[{"href":"https:\/\/schmerbacher-blasmusik.de\/index.php?rest_route=\/wp\/v2\/pages"}],"about":[{"href":"https:\/\/schmerbacher-blasmusik.de\/index.php?rest_route=\/wp\/v2\/types\/page"}],"author":[{"embeddable":true,"href":"https:\/\/schmerbacher-blasmusik.de\/index.php?rest_route=\/wp\/v2\/users\/1"}],"replies":[{"embeddable":true,"href":"https:\/\/schmerbacher-blasmusik.de\/index.php?rest_route=%2Fwp%2Fv2%2Fcomments&post=25"}],"version-history":[{"count":29,"href":"https:\/\/schmerbacher-blasmusik.de\/index.php?rest_route=\/wp\/v2\/pages\/25\/revisions"}],"predecessor-version":[{"id":114,"href":"https:\/\/schmerbacher-blasmusik.de\/index.php?rest_route=\/wp\/v2\/pages\/25\/revisions\/114"}],"wp:attachment":[{"href":"https:\/\/schmerbacher-blasmusik.de\/index.php?rest_route=%2Fwp%2Fv2%2Fmedia&parent=25"}],"curies":[{"name":"wp","href":"https:\/\/api.w.org\/{rel}","templated":true}]}}