{"id":127,"date":"2025-05-29T19:21:48","date_gmt":"2025-05-29T17:21:48","guid":{"rendered":"https:\/\/schmerbacher-blasmusik.de\/?page_id=127"},"modified":"2025-12-28T13:54:01","modified_gmt":"2025-12-28T12:54:01","slug":"unsere-naechsten-auftritte","status":"publish","type":"page","link":"https:\/\/schmerbacher-blasmusik.de\/?page_id=127","title":{"rendered":"Auftritte"},"content":{"rendered":"\n<h2 class=\"wp-block-heading\"><strong>Unsere n\u00e4chsten Auftritte&#8230;<\/strong><\/h2>\n\n\n\n<hr class=\"wp-block-separator has-alpha-channel-opacity\"\/>\n\n\n\n<div style=\"height:23px\" aria-hidden=\"true\" class=\"wp-block-spacer\"><\/div>\n\n\n\n<blockquote class=\"wp-block-quote is-layout-flow wp-block-quote-is-layout-flow\">\n<p><strong>28. Dezember 2025 | ab 16:00 | <strong>Wintertreffen auf dem Gro\u00dfen H\u00f6rselberg<\/strong><\/strong><\/p>\n<\/blockquote>\n\n\n\n<blockquote class=\"wp-block-quote is-layout-flow wp-block-quote-is-layout-flow\">\n<p><strong>21. Juni 2026 | <\/strong>Uhrzeit noch offen<strong> | Musikfest in Finsterbergen<\/strong><\/p>\n<\/blockquote>\n\n\n\n<blockquote class=\"wp-block-quote is-layout-flow wp-block-quote-is-layout-flow\">\n<p><strong>29. August 2026 | 15:00 &#8211; 17:00 | <strong>Lichterfest in Seebach<\/strong><\/strong><\/p>\n<\/blockquote>\n\n\n\n<p><\/p>\n","protected":false},"excerpt":{"rendered":"<p>Unsere n\u00e4chsten Auftritte&#8230; 28. Dezember 2025 | ab 16:00 | Wintertreffen auf dem Gro\u00dfen H\u00f6rselberg 21. Juni 2026 | Uhrzeit noch offen | Musikfest in Finsterbergen 29. August 2026 | &#8230;<\/p>\n","protected":false},"author":1,"featured_media":0,"parent":0,"menu_order":0,"comment_status":"closed","ping_status":"closed","template":"","meta":{"footnotes":""},"class_list":["post-127","page","type-page","status-publish","hentry"],"_links":{"self":[{"href":"https:\/\/schmerbacher-blasmusik.de\/index.php?rest_route=\/wp\/v2\/pages\/127","targetHints":{"allow":["GET"]}}],"collection":[{"href":"https:\/\/schmerbacher-blasmusik.de\/index.php?rest_route=\/wp\/v2\/pages"}],"about":[{"href":"https:\/\/schmerbacher-blasmusik.de\/index.php?rest_route=\/wp\/v2\/types\/page"}],"author":[{"embeddable":true,"href":"https:\/\/schmerbacher-blasmusik.de\/index.php?rest_route=\/wp\/v2\/users\/1"}],"replies":[{"embeddable":true,"href":"https:\/\/schmerbacher-blasmusik.de\/index.php?rest_route=%2Fwp%2Fv2%2Fcomments&post=127"}],"version-history":[{"count":24,"href":"https:\/\/schmerbacher-blasmusik.de\/index.php?rest_route=\/wp\/v2\/pages\/127\/revisions"}],"predecessor-version":[{"id":173,"href":"https:\/\/schmerbacher-blasmusik.de\/index.php?rest_route=\/wp\/v2\/pages\/127\/revisions\/173"}],"wp:attachment":[{"href":"https:\/\/schmerbacher-blasmusik.de\/index.php?rest_route=%2Fwp%2Fv2%2Fmedia&parent=127"}],"curies":[{"name":"wp","href":"https:\/\/api.w.org\/{rel}","templated":true}]}}